{"id":7,"date":"2022-03-08T22:50:10","date_gmt":"2022-03-08T22:50:10","guid":{"rendered":"http:\/\/blog.mapateatral.com\/?page_id=7"},"modified":"2022-03-08T23:09:23","modified_gmt":"2022-03-08T23:09:23","slug":"acerca-de","status":"publish","type":"page","link":"http:\/\/blogteatral.com\/index.php\/acerca-de\/","title":{"rendered":"Acerca de"},"content":{"rendered":"\n<p>Este blog tiene como intenci\u00f3n compartir informaci\u00f3n teatral en cualquiera de sus aspectos:<\/p>\n\n\n\n<ul class=\"wp-block-list\"><li>T\u00e9cnica<\/li><li>Iluminaci\u00f3n<\/li><li>Producci\u00f3n<\/li><li>Estilos<\/li><li>Ensayos, escritos<\/li><li>etc.<\/li><\/ul>\n\n\n\n<p><\/p>\n\n\n\n<p>No te olvides de pasar por nuestra cartelera teatral: <a href=\"http:\/\/mapateatral.com\" data-type=\"URL\" data-id=\"http:\/\/mapateatral.com\" target=\"_blank\" rel=\"noreferrer noopener\">www.mapateatral.com<\/a><\/p>\n","protected":false},"excerpt":{"rendered":"<p>Este blog tiene como intenci\u00f3n compartir informaci\u00f3n teatral en cualquiera de sus aspectos: T\u00e9cnica Iluminaci\u00f3n Producci\u00f3n Estilos Ensayos, escritos etc. No te olvides de pasar<\/p>\n","protected":false},"author":1,"featured_media":0,"parent":0,"menu_order":0,"comment_status":"closed","ping_status":"closed","template":"","meta":{"footnotes":""},"class_list":["post-7","page","type-page","status-publish","hentry"],"_links":{"self":[{"href":"http:\/\/blogteatral.com\/index.php\/wp-json\/wp\/v2\/pages\/7","targetHints":{"allow":["GET"]}}],"collection":[{"href":"http:\/\/blogteatral.com\/index.php\/wp-json\/wp\/v2\/pages"}],"about":[{"href":"http:\/\/blogteatral.com\/index.php\/wp-json\/wp\/v2\/types\/page"}],"author":[{"embeddable":true,"href":"http:\/\/blogteatral.com\/index.php\/wp-json\/wp\/v2\/users\/1"}],"replies":[{"embeddable":true,"href":"http:\/\/blogteatral.com\/index.php\/wp-json\/wp\/v2\/comments?post=7"}],"version-history":[{"count":0,"href":"http:\/\/blogteatral.com\/index.php\/wp-json\/wp\/v2\/pages\/7\/revisions"}],"wp:attachment":[{"href":"http:\/\/blogteatral.com\/index.php\/wp-json\/wp\/v2\/media?parent=7"}],"curies":[{"name":"wp","href":"https:\/\/api.w.org\/{rel}","templated":true}]}}